{"id":6112,"date":"2026-01-17T13:20:32","date_gmt":"2026-01-17T13:20:32","guid":{"rendered":"https:\/\/www.greenstone-tech.com\/?page_id=6112"},"modified":"2026-01-17T13:20:34","modified_gmt":"2026-01-17T13:20:34","slug":"iliskili-surecler-ekipman","status":"publish","type":"page","link":"https:\/\/www.greenstone-tech.com\/tr\/associated-processes-equipment\/","title":{"rendered":"\u0130li\u015fkili S\u00fcre\u00e7ler ve Ekipmanlar"},"content":{"rendered":"","protected":false},"excerpt":{"rendered":"","protected":false},"author":1,"featured_media":0,"parent":0,"menu_order":0,"comment_status":"closed","ping_status":"closed","template":"","meta":{"_acf_changed":false,"footnotes":""},"class_list":["post-6112","page","type-page","status-publish","hentry"],"acf":[],"_links":{"self":[{"href":"https:\/\/www.greenstone-tech.com\/tr\/wp-json\/wp\/v2\/pages\/6112","targetHints":{"allow":["GET"]}}],"collection":[{"href":"https:\/\/www.greenstone-tech.com\/tr\/wp-json\/wp\/v2\/pages"}],"about":[{"href":"https:\/\/www.greenstone-tech.com\/tr\/wp-json\/wp\/v2\/types\/page"}],"author":[{"embeddable":true,"href":"https:\/\/www.greenstone-tech.com\/tr\/wp-json\/wp\/v2\/users\/1"}],"replies":[{"embeddable":true,"href":"https:\/\/www.greenstone-tech.com\/tr\/wp-json\/wp\/v2\/comments?post=6112"}],"version-history":[{"count":1,"href":"https:\/\/www.greenstone-tech.com\/tr\/wp-json\/wp\/v2\/pages\/6112\/revisions"}],"predecessor-version":[{"id":6113,"href":"https:\/\/www.greenstone-tech.com\/tr\/wp-json\/wp\/v2\/pages\/6112\/revisions\/6113"}],"wp:attachment":[{"href":"https:\/\/www.greenstone-tech.com\/tr\/wp-json\/wp\/v2\/media?parent=6112"}],"curies":[{"name":"wp","href":"https:\/\/api.w.org\/{rel}","templated":true}]}}