{"id":3413,"date":"2025-04-02T05:06:31","date_gmt":"2025-04-02T05:06:31","guid":{"rendered":"https:\/\/greenstone-tech.com\/?page_id=3413"},"modified":"2025-04-02T05:06:33","modified_gmt":"2025-04-02T05:06:33","slug":"poudres-metalliques-equipement-de-production-de-poudres-metalliques","status":"publish","type":"page","link":"https:\/\/www.greenstone-tech.com\/fr\/metal-powders-metal-powder-production-equipment\/","title":{"rendered":"Poudres m\u00e9talliques et \u00e9quipements de production de poudres m\u00e9talliques"},"content":{"rendered":"","protected":false},"excerpt":{"rendered":"","protected":false},"author":1,"featured_media":0,"parent":0,"menu_order":0,"comment_status":"closed","ping_status":"closed","template":"","meta":{"_acf_changed":false,"footnotes":""},"class_list":["post-3413","page","type-page","status-publish","hentry"],"acf":[],"_links":{"self":[{"href":"https:\/\/www.greenstone-tech.com\/fr\/wp-json\/wp\/v2\/pages\/3413","targetHints":{"allow":["GET"]}}],"collection":[{"href":"https:\/\/www.greenstone-tech.com\/fr\/wp-json\/wp\/v2\/pages"}],"about":[{"href":"https:\/\/www.greenstone-tech.com\/fr\/wp-json\/wp\/v2\/types\/page"}],"author":[{"embeddable":true,"href":"https:\/\/www.greenstone-tech.com\/fr\/wp-json\/wp\/v2\/users\/1"}],"replies":[{"embeddable":true,"href":"https:\/\/www.greenstone-tech.com\/fr\/wp-json\/wp\/v2\/comments?post=3413"}],"version-history":[{"count":0,"href":"https:\/\/www.greenstone-tech.com\/fr\/wp-json\/wp\/v2\/pages\/3413\/revisions"}],"wp:attachment":[{"href":"https:\/\/www.greenstone-tech.com\/fr\/wp-json\/wp\/v2\/media?parent=3413"}],"curies":[{"name":"wp","href":"https:\/\/api.w.org\/{rel}","templated":true}]}}